{"id":5,"date":"2019-07-19T10:15:15","date_gmt":"2019-07-19T10:15:15","guid":{"rendered":"http:\/\/192.168.10.220:8081\/?page_id=5"},"modified":"2025-02-25T08:36:07","modified_gmt":"2025-02-25T07:36:07","slug":"home","status":"publish","type":"page","link":"https:\/\/cookbook.sme-it.dk\/","title":{"rendered":"Hjem"},"content":{"rendered":"<p>Velkommen, dette er bare et sted hvor vi gemmer vores udgydelser og vores opskrifter.<\/p>\n<p>Vi har ogs\u00e5 andre steder:<\/p>\n<p>Vores butik med alt til hunde:<br \/>&#8211; Hundefoder<br \/>&#8211; Godbidder<br \/>&#8211; Lakseolie<br \/>&#8211; Tr\u00e6ningsudstyr<br \/>&#8211; Hundetr\u00e6ning<br \/><br \/><a href=\"https:\/\/gundogpro.dk\" target=\"_blank\" rel=\"noopener\">https:\/\/gundogpro.dk<\/a><\/p>\n<p>Vores IT hj\u00e6lp til sm\u00e5 og mellemstore virksomheder: <a href=\"https:\/\/sme-it.dk\" target=\"_blank\" rel=\"noopener\">https:\/\/sme-it.dk<\/a><\/p>\n\n\n<p><\/p>\n","protected":false},"excerpt":{"rendered":"<p>Velkommen, dette er bare et sted hvor vi gemmer vores udgydelser og vores opskrifter. Vi har ogs\u00e5 andre steder: Vores butik med alt til hunde:&#8211; Hundefoder&#8211; Godbidder&#8211; Lakseolie&#8211; Tr\u00e6ningsudstyr&#8211; Hundetr\u00e6ning https:\/\/gundogpro.dk Vores IT hj\u00e6lp til sm\u00e5 og mellemstore virksomheder: https:\/\/sme-it.dk<\/p>\n","protected":false},"author":1,"featured_media":0,"parent":0,"menu_order":0,"comment_status":"closed","ping_status":"closed","template":"","meta":{"footnotes":""},"class_list":["post-5","page","type-page","status-publish","hentry"],"_links":{"self":[{"href":"https:\/\/cookbook.sme-it.dk\/index.php?rest_route=\/wp\/v2\/pages\/5","targetHints":{"allow":["GET"]}}],"collection":[{"href":"https:\/\/cookbook.sme-it.dk\/index.php?rest_route=\/wp\/v2\/pages"}],"about":[{"href":"https:\/\/cookbook.sme-it.dk\/index.php?rest_route=\/wp\/v2\/types\/page"}],"author":[{"embeddable":true,"href":"https:\/\/cookbook.sme-it.dk\/index.php?rest_route=\/wp\/v2\/users\/1"}],"replies":[{"embeddable":true,"href":"https:\/\/cookbook.sme-it.dk\/index.php?rest_route=%2Fwp%2Fv2%2Fcomments&post=5"}],"version-history":[{"count":9,"href":"https:\/\/cookbook.sme-it.dk\/index.php?rest_route=\/wp\/v2\/pages\/5\/revisions"}],"predecessor-version":[{"id":451,"href":"https:\/\/cookbook.sme-it.dk\/index.php?rest_route=\/wp\/v2\/pages\/5\/revisions\/451"}],"wp:attachment":[{"href":"https:\/\/cookbook.sme-it.dk\/index.php?rest_route=%2Fwp%2Fv2%2Fmedia&parent=5"}],"curies":[{"name":"wp","href":"https:\/\/api.w.org\/{rel}","templated":true}]}}